{"id":2,"date":"2023-04-01T22:35:23","date_gmt":"2023-04-01T20:35:23","guid":{"rendered":"http:\/\/www.mystress.fr\/?page_id=2"},"modified":"2023-04-02T15:57:48","modified_gmt":"2023-04-02T13:57:48","slug":"page-d-exemple","status":"publish","type":"page","link":"https:\/\/www.mystress.fr\/?page_id=2","title":{"rendered":"Ateliers Coh\u00e9rence Cardiaque"},"content":{"rendered":"\n<p class=\"has-large-font-size\"><strong>Comprendre, mesurer, agir<\/strong><\/p>\n\n\n\n<div class=\"wp-block-media-text is-stacked-on-mobile\" style=\"grid-template-columns:32% auto\"><figure class=\"wp-block-media-text__media\"><img loading=\"lazy\" decoding=\"async\" width=\"336\" height=\"353\" src=\"http:\/\/www.mystress.fr\/wp-content\/uploads\/2023\/04\/coherence-cardiaque-radio-france-web.jpg\" alt=\"\" class=\"wp-image-47 size-full\" srcset=\"https:\/\/www.mystress.fr\/wp-content\/uploads\/2023\/04\/coherence-cardiaque-radio-france-web.jpg 336w, https:\/\/www.mystress.fr\/wp-content\/uploads\/2023\/04\/coherence-cardiaque-radio-france-web-286x300.jpg 286w\" sizes=\"auto, (max-width: 336px) 100vw, 336px\" \/><\/figure><div class=\"wp-block-media-text__content\">\n<p>Convaincu que nous agissons mieux sur les choses que nous comprenons, Mystress propose l\u2019organisation d&rsquo;<strong>ateliers d\u2019une dur\u00e9e de 30 minutes \u00e0 2 heures en entreprises ou \u00e0 l&rsquo;occasion de s\u00e9minaires<\/strong>, pour <strong>\u00ab Comprendre et Mesurer l\u2019action du stress sur notre c\u0153ur et nos organes \u00bb.<\/strong><\/p>\n<\/div><\/div>\n\n\n\n<p>Agir par la mise en \u0153uvre d&rsquo;exercices de <strong>coh\u00e9rence cardiaque<\/strong>. Cet atelier est d\u00e9di\u00e9 \u00e0 ceux qui souhaitent mettre en \u0153uvre de r\u00e9elles actions concr\u00e8tes et objectives en mati\u00e8re de prise en charge du stress. L\u2019atelier permet d\u2019aborder ce qu\u2019est la coh\u00e9rence cardiaque, comment et pourquoi nous pouvons r\u00e9cup\u00e9rer et agir contre le stress gr\u00e2ce \u00e0 un exercice respiratoire de trois minutes seulement. L\u2019objectif des exercices de mise en coh\u00e9rence cardiaque est d\u2019am\u00e9liorer la vigilance, la concentration, agir contre l\u2019\u00e9puisement professionnel, apprendre une technique de relaxation simple \u00e0 mettre en \u0153uvre.<\/p>\n\n\n\n<p>La premi\u00e8re partie est d\u00e9di\u00e9e \u00e0 la th\u00e9orie permettant de comprendre les relations entre le Stress, le syst\u00e8me nerveux autonome, le c\u0153ur et le poumon.<br>La deuxi\u00e8me heure est d\u00e9di\u00e9e \u00e0 la pratique d\u2019une technique respiratoire par la mise en \u0153uvre d\u2019exercices de coh\u00e9rence cardiaque. Cette formation est une premi\u00e8re action facile \u00e0 mettre en \u0153uvre pour la prise en charge du stress.<\/p>\n\n\n\n<p><strong>Contenu de l&rsquo;atelier:<\/strong><br>Comprendre le fonctionnement du syst\u00e8me nerveux autonome et l\u2019action du stress sur nos organes. Initiation \u00e0 la variabilit\u00e9 de la fr\u00e9quence cardiaque, sa mesure et ses utilisations. Apprendre \u00e0 agir sur nos \u00e9motions et notre stress par la r\u00e9alisation d\u2019un exercice respiratoire appel\u00e9 coh\u00e9rence cardiaque. L\u2019atelier est organis\u00e9 en 3 phases : th\u00e9orie 10 minutes environ, pratique 15 minutes, questions compl\u00e9mentaires 5 minutes. Lors de cet atelier pratique des d\u00e9monstrations et manipulations seront propos\u00e9es avec plusieurs \u00e9quipements d\u2019aide \u00e0 la \u00ab Coh\u00e9rence cardiaque \u00bb.<br>L\u2019objectif des exercices de mise en coh\u00e9rence cardiaque est d\u2019am\u00e9liorer: la vigilance, la concentration, les capacit\u00e9s intellectuelles (m\u00e9morisation, raisonnement), les performances dans le travail, le sport, les relations aux autres. Apprendre une technique de relaxation, \u00e9liminer rapidement et \u00e0 long terme les r\u00e9actions dangereuses li\u00e9es au Stress. Augmenter l\u2018activit\u00e9 parasympathique.<\/p>\n\n\n\n<figure class=\"wp-block-gallery has-nested-images columns-default is-cropped wp-block-gallery-1 is-layout-flex wp-block-gallery-is-layout-flex\">\n<figure class=\"wp-block-image size-large\"><img loading=\"lazy\" decoding=\"async\" width=\"1024\" height=\"575\" data-id=\"48\" src=\"https:\/\/www.mystress.fr\/wp-content\/uploads\/2023\/04\/IMG_20180410_105615-1024x575.jpg\" alt=\"\" class=\"wp-image-48\" srcset=\"https:\/\/www.mystress.fr\/wp-content\/uploads\/2023\/04\/IMG_20180410_105615-1024x575.jpg 1024w, https:\/\/www.mystress.fr\/wp-content\/uploads\/2023\/04\/IMG_20180410_105615-300x168.jpg 300w, https:\/\/www.mystress.fr\/wp-content\/uploads\/2023\/04\/IMG_20180410_105615-768x431.jpg 768w, https:\/\/www.mystress.fr\/wp-content\/uploads\/2023\/04\/IMG_20180410_105615-1536x863.jpg 1536w, https:\/\/www.mystress.fr\/wp-content\/uploads\/2023\/04\/IMG_20180410_105615-2048x1150.jpg 2048w\" sizes=\"auto, (max-width: 1024px) 100vw, 1024px\" \/><\/figure>\n\n\n\n<figure class=\"wp-block-image size-large\"><img loading=\"lazy\" decoding=\"async\" width=\"1024\" height=\"683\" data-id=\"49\" src=\"https:\/\/www.mystress.fr\/wp-content\/uploads\/2023\/04\/DSC_0047-1024x683.jpg\" alt=\"\" class=\"wp-image-49\" srcset=\"https:\/\/www.mystress.fr\/wp-content\/uploads\/2023\/04\/DSC_0047-1024x683.jpg 1024w, https:\/\/www.mystress.fr\/wp-content\/uploads\/2023\/04\/DSC_0047-300x200.jpg 300w, https:\/\/www.mystress.fr\/wp-content\/uploads\/2023\/04\/DSC_0047-768x512.jpg 768w, https:\/\/www.mystress.fr\/wp-content\/uploads\/2023\/04\/DSC_0047-1536x1024.jpg 1536w, https:\/\/www.mystress.fr\/wp-content\/uploads\/2023\/04\/DSC_0047-2048x1365.jpg 2048w\" sizes=\"auto, (max-width: 1024px) 100vw, 1024px\" \/><\/figure>\n<\/figure>\n\n\n\n<p><strong>Mat\u00e9riel n\u00e9cessaire \u00e0 la formation&nbsp;:<\/strong><strong><\/strong><\/p>\n\n\n\n<ul class=\"wp-block-list\">\n<li>Grand \u00e9cran ou vid\u00e9o projecteur (prisme HDMI)&nbsp;<\/li>\n\n\n\n<li>Branchement \u00e9lectrique pour ordinateur portable et vid\u00e9o projecteur si non fournis.<\/li>\n\n\n\n<li>Table en U ou rectangulaire afin que chacun puisse \u00eatre assis confortablement autour de la table avec une visibilit\u00e9 sur l\u2019\u00e9cran.<\/li>\n<\/ul>\n\n\n\n<p>Lieu ferm\u00e9 ou \u00e0 l\u2019abri des perturbations ext\u00e9rieures<\/p>\n","protected":false},"excerpt":{"rendered":"<p>Comprendre, mesurer, agir Convaincu que nous agissons mieux sur les choses que nous comprenons, Mystress propose l\u2019organisation d&rsquo;ateliers d\u2019une dur\u00e9e de 30 minutes \u00e0 2 heures en entreprises ou \u00e0 l&rsquo;occasion de s\u00e9minaires, pour \u00ab Comprendre et Mesurer l\u2019action du stress sur notre c\u0153ur et nos organes \u00bb. Agir par la mise en \u0153uvre d&rsquo;exercices [&hellip;]<\/p>\n","protected":false},"author":1,"featured_media":0,"parent":0,"menu_order":0,"comment_status":"closed","ping_status":"open","template":"","meta":{"footnotes":""},"class_list":["post-2","page","type-page","status-publish","hentry"],"_links":{"self":[{"href":"https:\/\/www.mystress.fr\/index.php?rest_route=\/wp\/v2\/pages\/2","targetHints":{"allow":["GET"]}}],"collection":[{"href":"https:\/\/www.mystress.fr\/index.php?rest_route=\/wp\/v2\/pages"}],"about":[{"href":"https:\/\/www.mystress.fr\/index.php?rest_route=\/wp\/v2\/types\/page"}],"author":[{"embeddable":true,"href":"https:\/\/www.mystress.fr\/index.php?rest_route=\/wp\/v2\/users\/1"}],"replies":[{"embeddable":true,"href":"https:\/\/www.mystress.fr\/index.php?rest_route=%2Fwp%2Fv2%2Fcomments&post=2"}],"version-history":[{"count":7,"href":"https:\/\/www.mystress.fr\/index.php?rest_route=\/wp\/v2\/pages\/2\/revisions"}],"predecessor-version":[{"id":98,"href":"https:\/\/www.mystress.fr\/index.php?rest_route=\/wp\/v2\/pages\/2\/revisions\/98"}],"wp:attachment":[{"href":"https:\/\/www.mystress.fr\/index.php?rest_route=%2Fwp%2Fv2%2Fmedia&parent=2"}],"curies":[{"name":"wp","href":"https:\/\/api.w.org\/{rel}","templated":true}]}}