{"id":3,"date":"2023-04-01T22:35:23","date_gmt":"2023-04-01T20:35:23","guid":{"rendered":"http:\/\/www.mystress.fr\/?page_id=3"},"modified":"2024-10-01T14:21:25","modified_gmt":"2024-10-01T12:21:25","slug":"politique-de-confidentialite","status":"publish","type":"page","link":"https:\/\/www.mystress.fr\/?page_id=3","title":{"rendered":"Politique de confidentialit\u00e9"},"content":{"rendered":"\n<h2 class=\"wp-block-heading\">Qui sommes-nous&nbsp;?<\/h2>\n\n\n\n<p>L\u2019adresse de notre site est&nbsp;: http:\/\/www.mystress.fr.<\/p>\n\n\n\n<h2 class=\"wp-block-heading\">Commentaires<\/h2>\n\n\n\n<p>Quand vous laissez un commentaire sur notre site, les donn\u00e9es inscrites dans le formulaire de commentaire, ainsi que votre adresse IP et l\u2019agent utilisateur de votre navigateur sont collect\u00e9s pour nous aider \u00e0 la d\u00e9tection des commentaires ind\u00e9sirables.<\/p>\n\n\n\n<p>Une cha\u00eene anonymis\u00e9e cr\u00e9\u00e9e \u00e0 partir de votre adresse e-mail (\u00e9galement appel\u00e9e hash) peut \u00eatre envoy\u00e9e au service Gravatar pour v\u00e9rifier si vous utilisez ce dernier. Les clauses de confidentialit\u00e9 du service Gravatar sont disponibles ici&nbsp;: https:\/\/automattic.com\/privacy\/. Apr\u00e8s validation de votre commentaire, votre photo de profil sera visible publiquement \u00e0 cot\u00e9 de votre commentaire.<\/p>\n\n\n\n<h2 class=\"wp-block-heading\">M\u00e9dias<\/h2>\n\n\n\n<p>Si vous t\u00e9l\u00e9versez des images sur le site, nous vous conseillons d\u2019\u00e9viter de t\u00e9l\u00e9verser des images contenant des donn\u00e9es EXIF de coordonn\u00e9es GPS. Les personnes visitant votre site peuvent t\u00e9l\u00e9charger et extraire des donn\u00e9es de localisation depuis ces images.<\/p>\n\n\n\n<h2 class=\"wp-block-heading\">Cookies<\/h2>\n\n\n\n<p>Si vous d\u00e9posez un commentaire sur notre site, il vous sera propos\u00e9 d\u2019enregistrer votre nom, adresse e-mail et site dans des cookies. C\u2019est uniquement pour votre confort afin de ne pas avoir \u00e0 saisir ces informations si vous d\u00e9posez un autre commentaire plus tard. Ces cookies expirent au bout d\u2019un an.<\/p>\n\n\n\n<p>Si vous vous rendez sur la page de connexion, un cookie temporaire sera cr\u00e9\u00e9 afin de d\u00e9terminer si votre navigateur accepte les cookies. Il ne contient pas de donn\u00e9es personnelles et sera supprim\u00e9 automatiquement \u00e0 la fermeture de votre navigateur.<\/p>\n\n\n\n<p>Lorsque vous vous connecterez, nous mettrons en place un certain nombre de cookies pour enregistrer vos informations de connexion et vos pr\u00e9f\u00e9rences d\u2019\u00e9cran. La dur\u00e9e de vie d\u2019un cookie de connexion est de deux jours, celle d\u2019un cookie d\u2019option d\u2019\u00e9cran est d\u2019un an. Si vous cochez \u00ab&nbsp;Se souvenir de moi&nbsp;\u00bb, votre cookie de connexion sera conserv\u00e9 pendant deux semaines. Si vous vous d\u00e9connectez de votre compte, le cookie de connexion sera effac\u00e9.<\/p>\n\n\n\n<p>En modifiant ou en publiant une publication, un cookie suppl\u00e9mentaire sera enregistr\u00e9 dans votre navigateur. Ce cookie ne comprend aucune donn\u00e9e personnelle. Il indique simplement l\u2019ID de la publication que vous venez de modifier. Il expire au bout d\u2019un jour.<\/p>\n\n\n\n<h2 class=\"wp-block-heading\">Contenu embarqu\u00e9 depuis d\u2019autres sites<\/h2>\n\n\n\n<p>Les articles de ce site peuvent inclure des contenus int\u00e9gr\u00e9s (par exemple des vid\u00e9os, images, articles\u2026). Le contenu int\u00e9gr\u00e9 depuis d\u2019autres sites se comporte de la m\u00eame mani\u00e8re que si le visiteur se rendait sur cet autre site.<\/p>\n\n\n\n<p>Ces sites web pourraient collecter des donn\u00e9es sur vous, utiliser des cookies, embarquer des outils de suivis tiers, suivre vos interactions avec ces contenus embarqu\u00e9s si vous disposez d\u2019un compte connect\u00e9 sur leur site web.<\/p>\n\n\n\n<p><\/p>\n\n\n\n<h2 class=\"wp-block-heading\">Dur\u00e9es de stockage de vos donn\u00e9es<\/h2>\n\n\n\n<p>Si vous laissez un commentaire, le commentaire et ses m\u00e9tadonn\u00e9es sont conserv\u00e9s ind\u00e9finiment. Cela permet de reconna\u00eetre et approuver automatiquement les commentaires suivants au lieu de les laisser dans la file de mod\u00e9ration.<\/p>\n\n\n\n<p>Pour les comptes qui s\u2019inscrivent sur notre site (le cas \u00e9ch\u00e9ant), nous stockons \u00e9galement les donn\u00e9es personnelles indiqu\u00e9es dans leur profil. Tous les comptes peuvent voir, modifier ou supprimer leurs informations personnelles \u00e0 tout moment (\u00e0 l\u2019exception de leur identifiant). Les gestionnaires du site peuvent aussi voir et modifier ces informations.<\/p>\n\n\n\n<h2 class=\"wp-block-heading\">Les droits que vous avez sur vos donn\u00e9es<\/h2>\n\n\n\n<p>Si vous avez un compte ou si vous avez laiss\u00e9 des commentaires sur le site, vous pouvez demander \u00e0 recevoir un fichier contenant toutes les donn\u00e9es personnelles que nous poss\u00e9dons \u00e0 votre sujet, incluant celles que vous nous avez fournies. Vous pouvez \u00e9galement demander la suppression des donn\u00e9es personnelles vous concernant. Cela ne prend pas en compte les donn\u00e9es stock\u00e9es \u00e0 des fins administratives, l\u00e9gales ou pour des raisons de s\u00e9curit\u00e9.<\/p>\n\n\n\n<h2 class=\"wp-block-heading\">Transmission de vos donn\u00e9es personnelles<\/h2>\n\n\n\n<p>Les commentaires des visiteurs peuvent \u00eatre v\u00e9rifi\u00e9s \u00e0 l\u2019aide d\u2019un service automatis\u00e9 de d\u00e9tection des commentaires ind\u00e9sirables.<\/p>\n\n\n\n<p><\/p>\n\n\n\n<p class=\"has-x-large-font-size\">Informations \u00c9diteur<\/p>\n\n\n\n<p>Le pr\u00e9sent site \u00ab\u00a0www.mystress.fr\u00a0\u00bb est la propri\u00e9t\u00e9 de\u00a0 E.U.R.L. ANDRAGOGIE Conseil et Formation SIREN: En cours de cr\u00e9ation &#8211; APE: En cours de cr\u00e9ation<\/p>\n\n\n\n<p>Le directeur de publication du site est Monsieur Franck DURAND,<\/p>\n\n\n\n<p class=\"has-x-large-font-size\">Protection des donn\u00e9es personnelles<\/p>\n\n\n\n<p>Selon l&rsquo;article 34 de la loi fran\u00e7aise n\u00b0 78-17 du 6 janvier 1978 relative \u00e0 l\u00a0\u00bbinformatique, aux fichiers et aux libert\u00e9s, tout utilisateur ayant d\u00e9pos\u00e9 sur le site des informations directement ou indirectement nominatives peut demander la communication des informations personnelles le concernant \u00e0 l&rsquo;administrateur du service, les faire rectifier ou supprimer le cas \u00e9ch\u00e9ant en s\u00a0\u00bbadressant au directeur de la publication ou sur -contact[@]franck-durand.com<\/p>\n\n\n\n<p class=\"has-x-large-font-size\">H\u00e9bergement \u2013 S\u00e9curit\u00e9<\/p>\n\n\n\n<p>Le site est h\u00e9berg\u00e9 chez OVH SAS au capital de 10 000 000 \u20ac&nbsp; RCS Roubaix \u2013 Tourcoing 424 761 419 00045&nbsp; Code APE 6202A&nbsp; N\u00b0 TVA : FR 22 424 761 419&nbsp; Si\u00e8ge social : 2 rue Kellermann &#8211; 59100 Roubaix &#8211; France.&nbsp; Directeur de la publication : Octave KLABA.<\/p>\n\n\n\n<p>L&rsquo;utilisateur du pr\u00e9sent site reconna\u00eet disposer de la comp\u00e9tence pour acc\u00e9der, utiliser ce site et avoir v\u00e9rifi\u00e9 que la configuration informatique utilis\u00e9e ne contient aucun virus et qu&rsquo;elle est en parfait \u00e9tat de fonctionnement.<\/p>\n\n\n\n<p>L\u00a0\u00bbutilisateur reconna\u00eet avoir \u00e9t\u00e9 inform\u00e9 que le pr\u00e9sent site est accessible sans interruption, \u00e0 l&rsquo;exception des cas de force majeure, difficult\u00e9s informatiques, difficult\u00e9s li\u00e9es aux r\u00e9seaux de communications ou de probl\u00e8mes techniques.<\/p>\n\n\n\n<p>Pour des raisons de maintenance, Franck DURAND se r\u00e9serve le droit d\u00a0\u00bbinterrompre le site \u00e0 tout moment.<\/p>\n\n\n\n<p>Franck DURAND met tout en \u0153uvre pour offrir aux utilisateurs des informations et\/ou outils disponibles et v\u00e9rifi\u00e9s, mais ne saurait \u00eatre tenue pour responsable des erreurs, d\u00a0\u00bbune absence de disponibilit\u00e9 des informations et\/ou de la pr\u00e9sence de virus sur son site.<\/p>\n\n\n\n<p class=\"has-x-large-font-size\">Droits de propri\u00e9t\u00e9 intellectuelle<\/p>\n\n\n\n<p>La conception g\u00e9n\u00e9rale, ainsi que les textes, images anim\u00e9es ou non, sons, savoir faire et tout autres \u00e9l\u00e9ments composants le site sont la propri\u00e9t\u00e9 exclusive de Franck DURAND et\/ou de ses fournisseurs.<\/p>\n\n\n\n<p>L&rsquo;ensemble de ce site rel\u00e8ve de la l\u00e9gislation fran\u00e7aise sur le droit d\u00a0\u00bbauteur et la propri\u00e9t\u00e9 intellectuelle.<\/p>\n\n\n\n<p>La reproduction de tout ou partie de ce site (autre que techniquement n\u00e9cessaire \u00e0 sa consultation) sur un support \u00e9lectronique quel qu\u00a0\u00bbil soit est express\u00e9ment interdite.<\/p>\n\n\n\n<p>La reproduction d\u00a0\u00bbun \u00e9l\u00e9ment de ce site sur un support papier est autoris\u00e9e, sous r\u00e9serve du respect des deux conditions suivantes :<\/p>\n\n\n\n<p>&#8211; respect de l\u00a0\u00bbint\u00e9grit\u00e9 des documents reproduits : pas de modification ni alt\u00e9ration d\u00a0\u00bbaucune sorte,<\/p>\n\n\n\n<p>&#8211; citation claire et lisible de la source sous la forme suivante -par exemple &#8211; : \u00ab\u00a0ce document provient du site mystress.fr. Droits de reproduction r\u00e9serv\u00e9s et strictement limit\u00e9s\u00a0\u00bb. L\u00a0\u00bbadresse internet du site \u00ab\u00a0www.mystress.fr\u00a0\u00bb doit toujours figurer dans la r\u00e9f\u00e9rence.<\/p>\n\n\n\n<p>L\u00a0\u00bbutilisation du contenu du site en contravention avec ces prescriptions vaut contrefa\u00e7on au sens de l\u00a0\u00bbarticle 335-2 du Code de la propri\u00e9t\u00e9 intellectuelle.<\/p>\n\n\n\n<p>Outre des dommages et int\u00e9r\u00eats au titre de la responsabilit\u00e9 civile, celle-ci peut \u00eatre p\u00e9nalement sanctionn\u00e9e de 300 000 euros d\u00a0\u00bbamende et\/ou de 3 ans d\u00a0\u00bbemprisonnement.<\/p>\n\n\n\n<p>Pour d&rsquo;autres utilisations, merci de prendre contact avec nous. Les marques cit\u00e9es sur ce site sont d\u00e9pos\u00e9es par les soci\u00e9t\u00e9s qui en sont propri\u00e9taires.<\/p>\n\n\n\n<p>Tous liens hypertextes mis en place vers le pr\u00e9sent site web www.mystress.fr depuis d&rsquo;autres ressources pr\u00e9sentes sur le r\u00e9seau Internet, doivent imp\u00e9rativement faire l\u00a0\u00bbobjet d\u00a0\u00bbune autorisation \u00e9crite et expresse de Franck DURAND. A cette fin, merci de prendre contact avec nous.<\/p>\n\n\n\n<p>Franck DURAND d\u00e9cline toute responsabilit\u00e9 relative au contenu des sites Internet vers lesquels des liens hypertextes pourraient renvoyer depuis le site \u00ab\u00a0www.mystress.fr\u00a0\u00bb<\/p>\n","protected":false},"excerpt":{"rendered":"<p>Qui sommes-nous&nbsp;? L\u2019adresse de notre site est&nbsp;: http:\/\/www.mystress.fr. Commentaires Quand vous laissez un commentaire sur notre site, les donn\u00e9es inscrites dans le formulaire de commentaire, ainsi que votre adresse IP et l\u2019agent utilisateur de votre navigateur sont collect\u00e9s pour nous aider \u00e0 la d\u00e9tection des commentaires ind\u00e9sirables. Une cha\u00eene anonymis\u00e9e cr\u00e9\u00e9e \u00e0 partir de votre [&hellip;]<\/p>\n","protected":false},"author":1,"featured_media":0,"parent":0,"menu_order":0,"comment_status":"closed","ping_status":"closed","template":"","meta":{"footnotes":""},"class_list":["post-3","page","type-page","status-publish","hentry"],"_links":{"self":[{"href":"https:\/\/www.mystress.fr\/index.php?rest_route=\/wp\/v2\/pages\/3","targetHints":{"allow":["GET"]}}],"collection":[{"href":"https:\/\/www.mystress.fr\/index.php?rest_route=\/wp\/v2\/pages"}],"about":[{"href":"https:\/\/www.mystress.fr\/index.php?rest_route=\/wp\/v2\/types\/page"}],"author":[{"embeddable":true,"href":"https:\/\/www.mystress.fr\/index.php?rest_route=\/wp\/v2\/users\/1"}],"replies":[{"embeddable":true,"href":"https:\/\/www.mystress.fr\/index.php?rest_route=%2Fwp%2Fv2%2Fcomments&post=3"}],"version-history":[{"count":3,"href":"https:\/\/www.mystress.fr\/index.php?rest_route=\/wp\/v2\/pages\/3\/revisions"}],"predecessor-version":[{"id":143,"href":"https:\/\/www.mystress.fr\/index.php?rest_route=\/wp\/v2\/pages\/3\/revisions\/143"}],"wp:attachment":[{"href":"https:\/\/www.mystress.fr\/index.php?rest_route=%2Fwp%2Fv2%2Fmedia&parent=3"}],"curies":[{"name":"wp","href":"https:\/\/api.w.org\/{rel}","templated":true}]}}